{"id":45,"date":"2021-09-21T11:10:31","date_gmt":"2021-09-21T11:10:31","guid":{"rendered":"https:\/\/www.setieme.com\/magischentiere\/?page_id=45"},"modified":"2021-09-21T11:10:32","modified_gmt":"2021-09-21T11:10:32","slug":"impressum-datenschutzerklaerung","status":"publish","type":"page","link":"https:\/\/www.setieme.com\/magischentiere\/impressum-datenschutzerklaerung\/","title":{"rendered":"Impressum &#038; Datenschutzerkl\u00e4rung"},"content":{"rendered":"\n<p>OUTSIDE THE BOX<br>Chemin du Martinet 28<br>CH &#8211; 1007 LausanneE-Mail: info[at]<a rel=\"noreferrer noopener\" target=\"_blank\" href=\"http:\/\/outside-thebox.ch\/\">outside-thebox.ch<\/a><br>Tel. +41 (0)21 635 14 34MWST-Nr. CHE-168.759.363<br>\u200d<br>\u200d<br><strong>Datenschutzerkl\u00e4rung<\/strong><br><strong>1.0 Cookies<\/strong><br>Diese Website verwendet Cookies. Cookies sind kleine Textdateien, die beim Besuch dieser Website in Ihrem Computer dauerhaft oder tempor\u00e4r gespeichert werden. Zweck der Cookies ist insbesondere die Analyse der Nutzung dieser Website zur statistischen Auswertung sowie f\u00fcr kontinuierliche Verbesserungen.<br>Im Browser des Nutzers k\u00f6nnen Cookies in den Einstellungen jederzeit ganz oder teilweise deaktiviert werden. Bei deaktivierten Cookies stehen allenfalls nicht mehr alle Funktionen dieser Website zur Verf\u00fcgung.<br>\u200d<br><strong>1.1 Datenschutzerkl\u00e4rung f\u00fcr die Nutzung von Google Tag Manager<\/strong><br>Diese Webseite verwendet den Google Tag Manager. Durch diesen Dienst k\u00f6nnen Website-Tags \u00fcber eine Oberfl\u00e4che verwaltet werden. Der Google Tool Manager implementiert lediglich Tags. Das bedeutet: Es werden keine Cookies eingesetzt und es werden keine personenbezogenen Daten erfasst. Der Google Tool Manager l\u00f6st andere Tags aus, die wiederum ggf. Daten erfassen. Jedoch greift der Google Tag Manager nicht auf diese Daten zu. Wurde auf Domain- oder Cookie-Ebene eine Deaktivierung vorgenommen, so bleibt sie f\u00fcr alle Tracking-Tags bestehen, insofern diese mit dem Google Tag Manager implementiert werden.<br><strong>\u200d<\/strong><br><strong>1.2 Datenschutzerkl\u00e4rung f\u00fcr die Nutzung von Youtube-Plugins<\/strong><br>Die Webseite der Betreiberin nutzt Plugins der von Google betriebenen Seite YouTube. Betreiber der Seiten ist die YouTube, LLC, 901 Cherry Ave., San Bruno, CA 94066, USA. Wenn ein Nutzer eine mit einem YouTube-Plugin ausgestatteten Website der Betreiberin besucht, wird eine Verbindung zu den Servern von YouTube hergestellt. Dabei wird dem Youtube-Server mitgeteilt, welche Seiten der Betreiberin vom Nutzer besucht wurden.<br>Wenn der Nutzer in seinem YouTube-Account eingeloggt ist, erm\u00f6glicht er es YouTube, sein Surfverhalten direkt seinem pers\u00f6nlichen Profil zuzuordnen. Dies kann er verhindern, indem er sich aus seinem YouTube-Account ausloggt.<br>Weitere Informationen zum Umgang von Nutzerdaten sind zu finden in der Datenschutzerkl\u00e4rung von YouTube unter:&nbsp;<a rel=\"noreferrer noopener\" target=\"_blank\" href=\"https:\/\/www.google.de\/intl\/de\/policies\/privacy\">https:\/\/www.google.de\/intl\/de\/policies\/privacy<\/a>.<\/p>\n","protected":false},"excerpt":{"rendered":"<p>OUTSIDE THE BOXChemin du Martinet 28CH &#8211; 1007 LausanneE-Mail: info[at]outside-thebox.chTel. +41 (0)21 635 14 34MWST-Nr. CHE-168.759.363\u200d\u200dDatenschutzerkl\u00e4rung1.0 CookiesDiese Website verwendet Cookies. Cookies sind kleine Textdateien, die beim Besuch dieser Website in Ihrem Computer dauerhaft oder tempor\u00e4r gespeichert werden. Zweck der Cookies ist insbesondere die Analyse der Nutzung dieser Website zur statistischen Auswertung sowie f\u00fcr kontinuierliche Verbesserungen.Im &#8230; <a title=\"Impressum &#038; Datenschutzerkl\u00e4rung\" class=\"read-more\" href=\"https:\/\/www.setieme.com\/magischentiere\/impressum-datenschutzerklaerung\/\" aria-label=\"Mehr dazu unter Impressum &#038; Datenschutzerkl\u00e4rung\">Weiterlesen<\/a><\/p>\n","protected":false},"author":1,"featured_media":0,"parent":0,"menu_order":0,"comment_status":"closed","ping_status":"closed","template":"","meta":[],"yoast_head":"<!-- This site is optimized with the Yoast SEO plugin v17.3 - https:\/\/yoast.com\/wordpress\/plugins\/seo\/ -->\n<title>Impressum &amp; Datenschutzerkl\u00e4rung - Die Schule der Magischen Tiere<\/title>\n<meta name=\"robots\" content=\"index, follow, max-snippet:-1, max-image-preview:large, max-video-preview:-1\" \/>\n<link rel=\"canonical\" href=\"https:\/\/www.setieme.com\/magischentiere\/impressum-datenschutzerklaerung\/\" \/>\n<meta property=\"og:locale\" content=\"de_DE\" \/>\n<meta property=\"og:type\" content=\"article\" \/>\n<meta property=\"og:title\" content=\"Impressum &amp; Datenschutzerkl\u00e4rung - Die Schule der Magischen Tiere\" \/>\n<meta property=\"og:description\" content=\"OUTSIDE THE BOXChemin du Martinet 28CH &#8211; 1007 LausanneE-Mail: info[at]outside-thebox.chTel. +41 (0)21 635 14 34MWST-Nr. CHE-168.759.363\u200d\u200dDatenschutzerkl\u00e4rung1.0 CookiesDiese Website verwendet Cookies. Cookies sind kleine Textdateien, die beim Besuch dieser Website in Ihrem Computer dauerhaft oder tempor\u00e4r gespeichert werden. Zweck der Cookies ist insbesondere die Analyse der Nutzung dieser Website zur statistischen Auswertung sowie f\u00fcr kontinuierliche Verbesserungen.Im ... Weiterlesen\" \/>\n<meta property=\"og:url\" content=\"https:\/\/www.setieme.com\/magischentiere\/impressum-datenschutzerklaerung\/\" \/>\n<meta property=\"og:site_name\" content=\"Die Schule der Magischen Tiere\" \/>\n<meta property=\"article:modified_time\" content=\"2021-09-21T11:10:32+00:00\" \/>\n<meta name=\"twitter:card\" content=\"summary_large_image\" \/>\n<meta name=\"twitter:label1\" content=\"Gesch\u00e4tzte Lesezeit\" \/>\n\t<meta name=\"twitter:data1\" content=\"2\u00a0Minuten\" \/>\n<script type=\"application\/ld+json\" class=\"yoast-schema-graph\">{\"@context\":\"https:\/\/schema.org\",\"@graph\":[{\"@type\":\"WebSite\",\"@id\":\"https:\/\/www.setieme.com\/magischentiere\/#website\",\"url\":\"https:\/\/www.setieme.com\/magischentiere\/\",\"name\":\"Die Schule der Magischen Tiere\",\"description\":\"Ein Film von Gregor Schnitzler\",\"potentialAction\":[{\"@type\":\"SearchAction\",\"target\":{\"@type\":\"EntryPoint\",\"urlTemplate\":\"https:\/\/www.setieme.com\/magischentiere\/?s={search_term_string}\"},\"query-input\":\"required name=search_term_string\"}],\"inLanguage\":\"de\"},{\"@type\":\"WebPage\",\"@id\":\"https:\/\/www.setieme.com\/magischentiere\/impressum-datenschutzerklaerung\/#webpage\",\"url\":\"https:\/\/www.setieme.com\/magischentiere\/impressum-datenschutzerklaerung\/\",\"name\":\"Impressum & Datenschutzerkl\\u00e4rung - Die Schule der Magischen Tiere\",\"isPartOf\":{\"@id\":\"https:\/\/www.setieme.com\/magischentiere\/#website\"},\"datePublished\":\"2021-09-21T11:10:31+00:00\",\"dateModified\":\"2021-09-21T11:10:32+00:00\",\"breadcrumb\":{\"@id\":\"https:\/\/www.setieme.com\/magischentiere\/impressum-datenschutzerklaerung\/#breadcrumb\"},\"inLanguage\":\"de\",\"potentialAction\":[{\"@type\":\"ReadAction\",\"target\":[\"https:\/\/www.setieme.com\/magischentiere\/impressum-datenschutzerklaerung\/\"]}]},{\"@type\":\"BreadcrumbList\",\"@id\":\"https:\/\/www.setieme.com\/magischentiere\/impressum-datenschutzerklaerung\/#breadcrumb\",\"itemListElement\":[{\"@type\":\"ListItem\",\"position\":1,\"name\":\"Home\",\"item\":\"https:\/\/www.setieme.com\/magischentiere\/\"},{\"@type\":\"ListItem\",\"position\":2,\"name\":\"Impressum &#038; Datenschutzerkl\\u00e4rung\"}]}]}<\/script>\n<!-- \/ Yoast SEO plugin. -->","yoast_head_json":{"title":"Impressum & Datenschutzerkl\u00e4rung - Die Schule der Magischen Tiere","robots":{"index":"index","follow":"follow","max-snippet":"max-snippet:-1","max-image-preview":"max-image-preview:large","max-video-preview":"max-video-preview:-1"},"canonical":"https:\/\/www.setieme.com\/magischentiere\/impressum-datenschutzerklaerung\/","og_locale":"de_DE","og_type":"article","og_title":"Impressum & Datenschutzerkl\u00e4rung - Die Schule der Magischen Tiere","og_description":"OUTSIDE THE BOXChemin du Martinet 28CH &#8211; 1007 LausanneE-Mail: info[at]outside-thebox.chTel. +41 (0)21 635 14 34MWST-Nr. CHE-168.759.363\u200d\u200dDatenschutzerkl\u00e4rung1.0 CookiesDiese Website verwendet Cookies. Cookies sind kleine Textdateien, die beim Besuch dieser Website in Ihrem Computer dauerhaft oder tempor\u00e4r gespeichert werden. Zweck der Cookies ist insbesondere die Analyse der Nutzung dieser Website zur statistischen Auswertung sowie f\u00fcr kontinuierliche Verbesserungen.Im ... Weiterlesen","og_url":"https:\/\/www.setieme.com\/magischentiere\/impressum-datenschutzerklaerung\/","og_site_name":"Die Schule der Magischen Tiere","article_modified_time":"2021-09-21T11:10:32+00:00","twitter_card":"summary_large_image","twitter_misc":{"Gesch\u00e4tzte Lesezeit":"2\u00a0Minuten"},"schema":{"@context":"https:\/\/schema.org","@graph":[{"@type":"WebSite","@id":"https:\/\/www.setieme.com\/magischentiere\/#website","url":"https:\/\/www.setieme.com\/magischentiere\/","name":"Die Schule der Magischen Tiere","description":"Ein Film von Gregor Schnitzler","potentialAction":[{"@type":"SearchAction","target":{"@type":"EntryPoint","urlTemplate":"https:\/\/www.setieme.com\/magischentiere\/?s={search_term_string}"},"query-input":"required name=search_term_string"}],"inLanguage":"de"},{"@type":"WebPage","@id":"https:\/\/www.setieme.com\/magischentiere\/impressum-datenschutzerklaerung\/#webpage","url":"https:\/\/www.setieme.com\/magischentiere\/impressum-datenschutzerklaerung\/","name":"Impressum & Datenschutzerkl\u00e4rung - Die Schule der Magischen Tiere","isPartOf":{"@id":"https:\/\/www.setieme.com\/magischentiere\/#website"},"datePublished":"2021-09-21T11:10:31+00:00","dateModified":"2021-09-21T11:10:32+00:00","breadcrumb":{"@id":"https:\/\/www.setieme.com\/magischentiere\/impressum-datenschutzerklaerung\/#breadcrumb"},"inLanguage":"de","potentialAction":[{"@type":"ReadAction","target":["https:\/\/www.setieme.com\/magischentiere\/impressum-datenschutzerklaerung\/"]}]},{"@type":"BreadcrumbList","@id":"https:\/\/www.setieme.com\/magischentiere\/impressum-datenschutzerklaerung\/#breadcrumb","itemListElement":[{"@type":"ListItem","position":1,"name":"Home","item":"https:\/\/www.setieme.com\/magischentiere\/"},{"@type":"ListItem","position":2,"name":"Impressum &#038; Datenschutzerkl\u00e4rung"}]}]}},"_links":{"self":[{"href":"https:\/\/www.setieme.com\/magischentiere\/wp-json\/wp\/v2\/pages\/45"}],"collection":[{"href":"https:\/\/www.setieme.com\/magischentiere\/wp-json\/wp\/v2\/pages"}],"about":[{"href":"https:\/\/www.setieme.com\/magischentiere\/wp-json\/wp\/v2\/types\/page"}],"author":[{"embeddable":true,"href":"https:\/\/www.setieme.com\/magischentiere\/wp-json\/wp\/v2\/users\/1"}],"replies":[{"embeddable":true,"href":"https:\/\/www.setieme.com\/magischentiere\/wp-json\/wp\/v2\/comments?post=45"}],"version-history":[{"count":1,"href":"https:\/\/www.setieme.com\/magischentiere\/wp-json\/wp\/v2\/pages\/45\/revisions"}],"predecessor-version":[{"id":46,"href":"https:\/\/www.setieme.com\/magischentiere\/wp-json\/wp\/v2\/pages\/45\/revisions\/46"}],"wp:attachment":[{"href":"https:\/\/www.setieme.com\/magischentiere\/wp-json\/wp\/v2\/media?parent=45"}],"curies":[{"name":"wp","href":"https:\/\/api.w.org\/{rel}","templated":true}]}}